{"id":36,"date":"2016-02-03T13:57:15","date_gmt":"2016-02-03T12:57:15","guid":{"rendered":"http:\/\/testing.oman-erlebnis.ch\/?page_id=36"},"modified":"2019-07-17T12:49:29","modified_gmt":"2019-07-17T10:49:29","slug":"portrait","status":"publish","type":"page","link":"https:\/\/www.oman-erlebnis.ch\/index.php\/portrait\/","title":{"rendered":"Portrait"},"content":{"rendered":"\n<div class=\"wp-block-image\"><figure class=\"alignleft\"><img loading=\"lazy\" decoding=\"async\" width=\"225\" height=\"300\" src=\"https:\/\/www.oman-erlebnis.ch\/wp-content\/uploads\/2016\/02\/portrait-225x300.jpg\" alt=\"portrait\" class=\"wp-image-182\" srcset=\"https:\/\/www.oman-erlebnis.ch\/wp-content\/uploads\/2016\/02\/portrait-225x300.jpg 225w, https:\/\/www.oman-erlebnis.ch\/wp-content\/uploads\/2016\/02\/portrait.jpg 768w\" sizes=\"auto, (max-width: 225px) 100vw, 225px\" \/><\/figure><\/div>\n\n\n\n<p>Geboren bin ich am 1. April 1943 in Z\u00fcrich und aufgewachsen in Thalwil am Z\u00fcrichsee. 1962 schloss ich vier Jahre Kantonale Handelsschule in Z\u00fcrich mit Matura ab.<br>Der anschliessende Eintritt in die Swissair war f\u00fcr mich ein Gl\u00fccksfall und zukunftsbestimmend. Der Luft- und auch der Bahnverkehr begeisterten mich seit meiner Kindheit. Die Swissair, und sp\u00e4ter die SWISS, sollten mehr als 40 Jahre meine Arbeitgeber werden. Ich erlebte eine faszinierende Karriere in Reservation und Verkauf, Projektleitungen, Marketing und Fracht und erweiterte mein Wissen durch interne und externe Schulung und Curricula. Ich liebte es, grosse Organisationen und Projekte zu leiten, aber auch Seminare zu coachen.<br>Der pers\u00f6nliche H\u00f6hepunkt jedoch war f\u00fcr mich die Leitung der Vertretung im Oman, w\u00e4hrend sieben Jahren, bis zu meiner Fr\u00fchpensionierung. Die darauf folgenden Jahre war ich im Oman im Tourismus t\u00e4tig, habe das Land intensiv bereist und mir viel Hintergrundwissen angeeignet. Das Sultanat wurde zu meiner zweiten Heimat.<br>Auch seit meiner R\u00fcckkehr in die Schweiz besuche ich dieses faszinierende Land regelm\u00e4ssig und pflege so die Kontakte vor Ort weiter. Heute organisiere und begleite ich meine eigenen Reisen in Kleingruppen und freue mich, dadurch mein Wissen weitergeben zu k\u00f6nnen. Meine Programme charakterisieren sich durch leichte Wanderungen in der faszinierenden Natur und Begegnungen mit liebensw\u00fcrdigen und freundlichen Menschen.<\/p>\n\n\n\n<h2 class=\"wp-block-heading\">Kontakt<\/h2>\n\n\n\n<p>Ruedi Seiz<br>Meierwis 13<br>8606 Greifensee<br>E-Mail: <a id=\"email_9218dbf78f546f1e849f2f0a6a8750a1\"><span>r<\/span><span style=\"display:none\">K<\/span><span>&#117;<\/span>ed<span style=\"display:none\">U<\/span>&#105;<span style=\"display:none\">Z<\/span><span>&#46;<\/span><span>o<\/span><span>&#109;<\/span><span style=\"display:none\">J<\/span>a<span>n<\/span><span style=\"display:none\">I<\/span><span>@<\/span><span style=\"display:none\">Y<\/span>&#103;<span style=\"display:none\">X<\/span><span>m<\/span><span>&#97;<\/span>i<span style=\"display:none\">A<\/span>l<span>.<\/span><span style=\"display:none\">C<\/span>&#99;o&#109;<span style=\"display:none\">N<\/span><\/a><script type=\"text\/javascript\">(function () {if (!window.emailhandlers) window.emailhandlers = {};\nvar ident = \"\";\nwhile (ident.length<4 || window.emailhandlers[ident]) ident += String.fromCharCode(Math.floor(Math.random()*26)+65);\nvar encaddr = \"CHF\"+\"HFGE\"+\"GJG\"+\"OCPG\"+\"NGB\"+\"GOGA\"+\"EHG\"+\"NGBG\"+\"JGMG\"+\"OCD\"+\"GPGN\"+\"G\";\nvar addr = \"\";\nfor (var i=0; i<encaddr.length; i+=2) {addr += String.fromCharCode(encaddr.charCodeAt(i)-65+((encaddr.charCodeAt(i+1)-65)<<4));}\nvar encname = \"\";\nvar name = \"\";\nfor (var i=0; i<encname.length; i+=2) {name += String.fromCharCode(encname.charCodeAt(i)-65+((encname.charCodeAt(i+1)-65)<<4));}\nwindow.emailhandlers[ident] = function () { window.location.href = \"mai\"+\"lto:\"+addr; };\ndocument.getElementById(\"email_9218dbf78f546f1e849f2f0a6a8750a1\").href = \"\";\ndocument.getElementById(\"email_9218dbf78f546f1e849f2f0a6a8750a1\").onclick = (function (ident) {return function () {\nwindow.emailhandlers[ident]();\nreturn false;\n};})(ident);\n})();<\/script><br>Tel. Mobile: +41 (0)76 787 96 24<\/p>\n","protected":false},"excerpt":{"rendered":"<p>Geboren bin ich am 1. April 1943 in Z\u00fcrich und aufgewachsen in Thalwil am Z\u00fcrichsee. 1962 schloss ich vier Jahre Kantonale Handelsschule in Z\u00fcrich mit Matura ab.Der anschliessende Eintritt in die Swissair war f\u00fcr mich ein Gl\u00fccksfall und zukunftsbestimmend. Der Luft- und auch der Bahnverkehr begeisterten mich seit meiner Kindheit. Die Swissair, und sp\u00e4ter die [&hellip;]<\/p>\n","protected":false},"author":1,"featured_media":0,"parent":0,"menu_order":0,"comment_status":"closed","ping_status":"closed","template":"","meta":{"footnotes":""},"class_list":["post-36","page","type-page","status-publish","hentry"],"_links":{"self":[{"href":"https:\/\/www.oman-erlebnis.ch\/index.php\/wp-json\/wp\/v2\/pages\/36","targetHints":{"allow":["GET"]}}],"collection":[{"href":"https:\/\/www.oman-erlebnis.ch\/index.php\/wp-json\/wp\/v2\/pages"}],"about":[{"href":"https:\/\/www.oman-erlebnis.ch\/index.php\/wp-json\/wp\/v2\/types\/page"}],"author":[{"embeddable":true,"href":"https:\/\/www.oman-erlebnis.ch\/index.php\/wp-json\/wp\/v2\/users\/1"}],"replies":[{"embeddable":true,"href":"https:\/\/www.oman-erlebnis.ch\/index.php\/wp-json\/wp\/v2\/comments?post=36"}],"version-history":[{"count":10,"href":"https:\/\/www.oman-erlebnis.ch\/index.php\/wp-json\/wp\/v2\/pages\/36\/revisions"}],"predecessor-version":[{"id":621,"href":"https:\/\/www.oman-erlebnis.ch\/index.php\/wp-json\/wp\/v2\/pages\/36\/revisions\/621"}],"wp:attachment":[{"href":"https:\/\/www.oman-erlebnis.ch\/index.php\/wp-json\/wp\/v2\/media?parent=36"}],"curies":[{"name":"wp","href":"https:\/\/api.w.org\/{rel}","templated":true}]}}