{"id":333,"date":"2016-06-08T18:43:50","date_gmt":"2016-06-08T16:43:50","guid":{"rendered":"https:\/\/www.oman-erlebnis.ch\/?page_id=333"},"modified":"2022-05-21T13:26:23","modified_gmt":"2022-05-21T11:26:23","slug":"reiseinformationen","status":"publish","type":"page","link":"https:\/\/www.oman-erlebnis.ch\/index.php\/reiseinformationen\/","title":{"rendered":"Reiseinformationen"},"content":{"rendered":"<h1>Reiseinformationen<\/h1>\n<p><img loading=\"lazy\" decoding=\"async\" width=\"300\" height=\"169\" class=\"alignright wp-image-344 size-medium\" src=\"https:\/\/www.oman-erlebnis.ch\/wp-content\/uploads\/2016\/06\/oman_wappen-300x169.jpg\" alt=\"oman_wappen\" srcset=\"https:\/\/www.oman-erlebnis.ch\/wp-content\/uploads\/2016\/06\/oman_wappen-300x169.jpg 300w, https:\/\/www.oman-erlebnis.ch\/wp-content\/uploads\/2016\/06\/oman_wappen-1024x576.jpg 1024w, https:\/\/www.oman-erlebnis.ch\/wp-content\/uploads\/2016\/06\/oman_wappen.jpg 1191w\" sizes=\"auto, (max-width: 300px) 100vw, 300px\" \/><\/p>\n<h2>Das Land<\/h2>\n<div><b>Fl\u00e4che:<\/b> 309.500 km2 (7 \u00bd mal die Schweiz)<\/div>\n<div><b>Geographie:<\/b><\/p>\n<ul>\n<li>Im Westen angrenzend an die Vereinigten Arabischen Emirate, Saudi-Arabien und die Republik Jemen.<\/li>\n<li>Musandam-Halbinsel als Exklave an der Strasse von Hormuz.<\/li>\n<li>1700 Kilometer K\u00fcstenlinie am Golf von Oman und dem Arabischen Meer.<\/li>\n<li>Gebirgsz\u00fcge im Norden von Musandam in s\u00fcd\u00f6stlicher Richtung bis zum \u00f6stlichsten Punkt auf der Arabischen Halbinsel (Hajar Berge mit dem Jabal Shams als h\u00f6chstem Punkt des Landes mit ca. 3000 Metern \u00fcber Meer).<\/li>\n<li>Dhofar Gebirge im S\u00fcden.<\/li>\n<li>Im Nordwesten liegt die schmale fruchtbare Ebene der Batinah-K\u00fcste.<\/li>\n<li>Im Oman finden sich zwei Sandw\u00fcsten:<br \/>\n<img decoding=\"async\" class=\"alignright\" style=\"clear: right; width: 300px; height: 250px;\" src=\"https:\/\/api.mapbox.com\/styles\/v1\/mapbox\/outdoors-v11\/static\/56,21,4,0,0\/300x250?access_token=pk.eyJ1IjoiYWxsZXN0dWV0c21lcndlaCIsImEiOiJHbG9tTzYwIn0.kaEGNBd9zMvc0XkzP70r8Q\" alt=\"Karte\"><\/p>\n<ol>\n<li>Die Inlandw\u00fcste Sharqiyah Sands im Osten (15&#8217;000 km2).<\/li>\n<li>Rub Al-Khali oder das Leere Viertel, die gr\u00f6sste zusammenh\u00e4ngende Sandw\u00fcste der Welt, umfassend Teile der Staatsgebiete Saudi-Arabien, Vereinigte Arabische Emirate, Jemen und Oman.<\/li>\n<\/ol>\n<\/li>\n<\/ul>\n<\/div>\n<div><b>Hauptstadt:<\/b> Muscat (Einwohnerzahl Gross Muscat, ca. 1,3 Mio)<\/div>\n<div><b>Lokalzeit:<\/b> GMT +4 (MEZ +3 im Winter; MEZ +2 im Sommer)<\/div>\n<div><b>Einwohner:<\/b> 4.6 Mio. (April 2022). Ausl\u00e4nderanteil 39.1%<\/div>\n<div><b>Klima:<\/b><\/p>\n<ul>\n<li>Angenehm zwischen November und M\u00e4rz (beste Reisezeit).<\/li>\n<li>Sehr heiss in den Sommermonaten Juni bis August.<\/li>\n<li>Ganzj\u00e4hrig geringes Niederschlagsrisiko.<\/li>\n<li>Hohe Luftfeuchtigkeit im Sommer in der K\u00fcstenregion im Norden, vor allem abends.<\/li>\n<li>Im Landesinnern trocken.<\/li>\n<li>Monsun im S\u00fcden (Salalah), Mitte Juli bis Mitte September.<\/li>\n<\/ul>\n<\/div>\n<div><b>Temperaturen:<\/b><\/p>\n<table>\n<tbody>\n<tr>\n<td colspan=\"2\"><u>In der K\u00fcstenregion im Norden und im Landesinneren:<\/u><\/td>\n<\/tr>\n<tr>\n<td>November bis Februar:<\/td>\n<td>zwischen 23\u00b0 und 28\u00b0<\/td>\n<\/tr>\n<tr>\n<td>M\u00e4rz \/ April \/ Sept. \/ Okt.:<\/td>\n<td>zwischen 28\u00b0 und 35\u00b0<\/td>\n<\/tr>\n<tr>\n<td>Mai bis August:<\/td>\n<td>zwischen 35\u00b0 und 40\u00b0, vereinzelt bis 45\u00b0 und dar\u00fcber<\/td>\n<\/tr>\n<tr>\n<td colspan=\"2\"><u>Im S\u00fcden des Landes (Salalah):<\/u><\/td>\n<\/tr>\n<tr>\n<td>ganzj\u00e4hrig:<\/td>\n<td>zwischen 25\u00b0 und 33\u00b0<\/td>\n<\/tr>\n<\/tbody>\n<\/table>\n<\/div>\n<div><b>Niederschlag:<\/b><\/p>\n<table>\n<tbody>\n<tr>\n<td colspan=\"2\"><u>In der K\u00fcstenregion im Norden und im Landesinneren:<\/u><\/td>\n<\/tr>\n<tr>\n<td>Wintermonate:<\/td>\n<td>sporadisch, z.T. gewitterartig, unter Umst\u00e4nden 2-3 Tage hintereinander<\/td>\n<\/tr>\n<tr>\n<td colspan=\"2\"><u>Im S\u00fcden des Landes (Salalah):<\/u><\/td>\n<\/tr>\n<tr>\n<td>Juli bis September:<\/td>\n<td>Monsun, Regen, bedeckt<\/td>\n<\/tr>\n<\/tbody>\n<\/table>\n<\/div>\n<h2>Das Sultanat<\/h2>\n<p><img loading=\"lazy\" decoding=\"async\" class=\"alignright wp-image-344 size-medium\" src=\"https:\/\/www.oman-erlebnis.ch\/wp-content\/uploads\/2020\/02\/sultan2020-300x225.jpg\" alt=\"sultan\" width=\"300\" height=\"225\"><\/p>\n<div><b>Staatsform:<\/b> Erbmonarchie seit Mitte des 18. Jahrhunderts<\/div>\n<div><b>Staatsoberhaupt &amp; Regierungschef:<\/b> Sultan Haitham bin Tariq, seit Januar 2020<\/div>\n<div><b>Regierungssystem:<\/b><\/p>\n<ul>\n<li>Absolute Monarchie.<\/li>\n<li>Verfassung von 1996.<\/li>\n<li>Islamisches Recht (Scharia).<\/li>\n<li>Zweikammern-Konsultativrat (keine gesetzgebende Funktion):\n<ul>\n<li>Oberhaus: vom Sultan ernannte Mitglieder<\/li>\n<li>Unterhaus: VertreterInnen aus St\u00e4dten und Gemeinden<\/li>\n<\/ul>\n<\/li>\n<\/ul>\n<\/div>\n<h2>Bev\u00f6lkerung<\/h2>\n<p><img loading=\"lazy\" decoding=\"async\" width=\"300\" height=\"214\" class=\"alignright wp-image-348 size-medium\" src=\"https:\/\/www.oman-erlebnis.ch\/wp-content\/uploads\/2016\/06\/omanis-300x214.jpg\" alt=\"omanis\" srcset=\"https:\/\/www.oman-erlebnis.ch\/wp-content\/uploads\/2016\/06\/omanis-300x214.jpg 300w, https:\/\/www.oman-erlebnis.ch\/wp-content\/uploads\/2016\/06\/omanis.jpg 1024w\" sizes=\"auto, (max-width: 300px) 100vw, 300px\" \/><\/p>\n<div><b>B\u00fcrgerrechte:<\/b> Aktives und passives Wahlrecht f\u00fcr M\u00e4nner und Frauen.<\/div>\n<div><b>Religion:<\/b><\/p>\n<ul>\n<li>Islam ist Staatsreligion.<\/li>\n<li>75% der Bev\u00f6lkerung sind muslimische Ibaditen.<\/li>\n<li>Der Ibadismus zeichnet sich durch Toleranz und Gewaltlosigkeit aus.<\/li>\n<li>Minderheiten von Sunniten und Schiiten.<\/li>\n<li>\u00dcbrige Religionen, wie Christen, Hindus, Buddhisten sind frei in ihrer Religionsaus\u00fcbung.<\/li>\n<\/ul>\n<\/div>\n<div><b>Sprachen:<\/b> Arabisch (Amtssprache), Englisch ist weit verbreitet.<\/div>\n<h2>Gesundheit<\/h2>\n<p><img loading=\"lazy\" decoding=\"async\" width=\"262\" height=\"213\" class=\"alignright wp-image-353 size-medium\" src=\"https:\/\/www.oman-erlebnis.ch\/wp-content\/uploads\/2016\/06\/Dr_Raman.png\" alt=\"Dr_Raman\"><\/p>\n<div><b>\u00c4rztliche Versorgung:<\/b><\/p>\n<ul>\n<li>Das gut ausgebaute Gesundheitssystem entspricht modernen Standards.<\/li>\n<li>Es existiert ein umfassendes Netz von Spit\u00e4lern und Krankenpflegestationen.<\/li>\n<\/ul>\n<\/div>\n<div><b>Corona:<\/b><\/p>\n<ul>\n<li>Stand Mai 2022 ist f\u00fcr Touristen generell eine zweimalige Impfung obligatorisch.<\/li>\n<li>Keine Tests vor Abreise bzw. bei Einreise im Oman.<\/li>\n<li><b><i>Empfehlung: Aktuelle Situation bei der Buchung \u00fcberpr\u00fcfen<\/i><\/b><\/li>\n<\/ul>\n<\/div>\n<div><b>\u00dcbrige Impfungen\/Pers\u00f6nliche Vorkehrungen:<\/b><\/p>\n<ul>\n<li>Offiziell sind keine weiteren Impfungen erforderlich.<\/li>\n<li>Eine \u00fcbliche Reiseprophylaxe ist zu empfehlen.<\/li>\n<li>Pers\u00f6nliche Medikamente nicht vergessen.<\/li>\n<li>Versicherungen gegen Krankheit und Unfall \u00fcberpr\u00fcfen.<\/li>\n<li>Allenfalls Abschluss einer Versicherung zur \u00dcbernahme der R\u00fcckreisekosten im Krankheitsfall.<\/li>\n<\/ul>\n<\/div>\n<div><b>Sonnenschutz:<\/b> Kopfbedeckung, Sonnenbrille, Sonnencr\u00e8me mit hohem Sonnenschutzfaktor.<\/div>\n<div><b>Leitungswasser:<\/b> Zum Trinken nicht zu empfehlen, f\u00fcr die Zahnhygiene OK.<\/div>\n<h2>Information f\u00fcr Besucher<\/h2>\n<div><b>Reisehinweise f\u00fcr Oman:<\/b> <a href=\"https:\/\/www.eda.admin.ch\/content\/eda\/de\/home\/laender-reise-information\/oman\/reisehinweise-oman.html\" target=\"_blank\" rel=\"noopener noreferrer\">Eidgen\u00f6ssisches Departement f\u00fcr ausw\u00e4rtige Angelegenheiten EDA<\/a><\/div>\n<p><img loading=\"lazy\" decoding=\"async\" class=\"alignright wp-image-764 size-medium\" src=\"https:\/\/www.oman-erlebnis.ch\/wp-content\/uploads\/2022\/05\/banknote_50_rial-300x142.jpg\" alt=\"banknote\" width=\"300\" height=\"142\" srcset=\"https:\/\/www.oman-erlebnis.ch\/wp-content\/uploads\/2022\/05\/banknote_50_rial-300x142.jpg 300w, https:\/\/www.oman-erlebnis.ch\/wp-content\/uploads\/2022\/05\/banknote_50_rial.jpg 714w\" sizes=\"auto, (max-width: 300px) 100vw, 300px\" \/><\/p>\n<div><b>W\u00e4hrung:<\/b><\/p>\n<ul>\n<li>Omanischer Rial, unterteilt in 1000 Baizas, frei konvertierbar.<\/li>\n<li>Fixer Wechselkurs zum US Dollar: 1 OMR = 2.60 US$<\/li>\n<li>Praktisch alle Wechselstuben und Banken wechseln Franken, Euro und US Dollar.<\/li>\n<li>Kreditkarten werden in den meisten Gesch\u00e4ften an Zahlung genommen.<\/li>\n<li>VISA, Master Card, AMEXCO und Diner\u2019s Club werden von allen internationalen Banken und Hotels akzeptiert, sowie MAESTRO (EC) an sehr vielen Geldautomaten.<\/li>\n<\/ul>\n<\/div>\n<div><b>Telefon:<\/b><\/p>\n<ul>\n<li>Vorwahl f\u00fcr Oman: +968.<\/li>\n<li>Oman besitzt ein sehr gut ausgebautes Mobilfunknetz.<\/li>\n<\/ul>\n<\/div>\n<div><b>Elektrizit\u00e4t:<\/b><\/p>\n<ul>\n<li>220\/240 Volt Wechselstrom, 50 Hz, mit britischem Dreistift-Stecker.<\/li>\n<li>Adapter sind preisg\u00fcnstig in Warenh\u00e4usern erh\u00e4ltlich.<\/li>\n<\/ul>\n<\/div>\n<div><b>Kleidung:<\/b><\/p>\n<ul>\n<li>Leichte Sommerkleidung (ganzj\u00e4hrig).<\/li>\n<li>Im Winter, f\u00fcr k\u00e4ltere Tage, sowie in der W\u00fcste und in den Bergen sind ein Pullover und eine Windjacke n\u00fctzlich.<\/li>\n<li>Kleidung entsprechend den landes\u00fcblichen muslimischen Gepflogenheiten, das heisst: Schultern, Oberarme und Knie bedeckt.<\/li>\n<li>F\u00fcr Frauen:\n<ul>\n<li>einteilige Badeanz\u00fcge an \u00f6ffentlichen Str\u00e4nden.<\/li>\n<li>f\u00fcr den Besuch der Grossen Moschee muss der K\u00f6rper von Handgelenk bis Fusskn\u00f6chel bedeckt sein.<\/li>\n<li>ausserdem ist das Tragen eines Kopftuches Pflicht.<\/li>\n<\/ul>\n<\/li>\n<\/ul>\n<\/div>\n<div><b>Fotografieren:<\/b><\/p>\n<ul>\n<li>Praktisch \u00fcberall erlaubt (wenige Ausnahmen, z.B. gewisse Botschaften).<\/li>\n<li>Fotografieren von Menschen, vor allem Frauen, ist nicht zu empfehlen, oder nur mit \u00e4usserster Diskretion.<\/li>\n<li>Immer fragen, auch Kinder, ob fotografieren erlaubt sei. Absagen respektieren!<\/li>\n<\/ul>\n<\/div>\n<div><b>Visum<\/b><\/p>\n<ul>\n<li>Schweizer B\u00fcrgerinnen und B\u00fcrger ben\u00f6tigen f\u00fcr einen Aufenthalt von maximal 14 Tagen kein Visum<\/li>\n<li>In jedem Fall ben\u00f6tigt wird ein Reisepass, der bei Abreise aus Oman noch mindestens sechs Monate g\u00fcltig ist.<\/li>\n<li>F\u00fcr einen Aufenthalt von l\u00e4nger als 14 Tagen kann das Visum \u00fcber das Reiseb\u00fcro, \u00fcber welches der Flug gebucht wird, angefordert werden, oder als eVisum direkt \u00fcber die Website <a href=\"http:\/\/www.omanevisaonline.com\/\">www.omanevisaonline.com<\/a><\/li>\n<\/ul>\n<\/div>\n","protected":false},"excerpt":{"rendered":"<p>Reiseinformationen Das Land Fl\u00e4che: 309.500 km2 (7 \u00bd mal die Schweiz) Geographie: Im Westen angrenzend an die Vereinigten Arabischen Emirate, Saudi-Arabien und die Republik Jemen. Musandam-Halbinsel als Exklave an der Strasse von Hormuz. 1700 Kilometer K\u00fcstenlinie am Golf von Oman und dem Arabischen Meer. Gebirgsz\u00fcge im Norden von Musandam in s\u00fcd\u00f6stlicher Richtung bis zum \u00f6stlichsten [&hellip;]<\/p>\n","protected":false},"author":1,"featured_media":0,"parent":0,"menu_order":0,"comment_status":"closed","ping_status":"closed","template":"","meta":{"footnotes":""},"class_list":["post-333","page","type-page","status-publish","hentry"],"_links":{"self":[{"href":"https:\/\/www.oman-erlebnis.ch\/index.php\/wp-json\/wp\/v2\/pages\/333","targetHints":{"allow":["GET"]}}],"collection":[{"href":"https:\/\/www.oman-erlebnis.ch\/index.php\/wp-json\/wp\/v2\/pages"}],"about":[{"href":"https:\/\/www.oman-erlebnis.ch\/index.php\/wp-json\/wp\/v2\/types\/page"}],"author":[{"embeddable":true,"href":"https:\/\/www.oman-erlebnis.ch\/index.php\/wp-json\/wp\/v2\/users\/1"}],"replies":[{"embeddable":true,"href":"https:\/\/www.oman-erlebnis.ch\/index.php\/wp-json\/wp\/v2\/comments?post=333"}],"version-history":[{"count":63,"href":"https:\/\/www.oman-erlebnis.ch\/index.php\/wp-json\/wp\/v2\/pages\/333\/revisions"}],"predecessor-version":[{"id":769,"href":"https:\/\/www.oman-erlebnis.ch\/index.php\/wp-json\/wp\/v2\/pages\/333\/revisions\/769"}],"wp:attachment":[{"href":"https:\/\/www.oman-erlebnis.ch\/index.php\/wp-json\/wp\/v2\/media?parent=333"}],"curies":[{"name":"wp","href":"https:\/\/api.w.org\/{rel}","templated":true}]}}